{"id":1269,"date":"2020-01-11T01:31:50","date_gmt":"2020-01-11T01:31:50","guid":{"rendered":"https:\/\/demos.kadencewp.com\/blocks-active\/?page_id=6"},"modified":"2026-02-04T09:33:08","modified_gmt":"2026-02-04T08:33:08","slug":"home","status":"publish","type":"page","link":"https:\/\/www.bouldervsiti.cz\/en\/","title":{"rendered":"Home"},"content":{"rendered":"<style>.kb-row-layout-id1269_92fa9c-a3 > .kt-row-column-wrap{align-content:start;}:where(.kb-row-layout-id1269_92fa9c-a3 > .kt-row-column-wrap) > .wp-block-kadence-column{justify-content:start;}.kb-row-layout-id1269_92fa9c-a3 > .kt-row-column-wrap{column-gap:var(--global-kb-gap-md, 2rem);row-gap:var(--global-kb-gap-md, 2rem);padding-top:10%;padding-right:10%;padding-bottom:5%;padding-left:10%;min-height:100vh;grid-template-columns:minmax(0, 1fr);}.kb-row-layout-id1269_92fa9c-a3{background-image:url('https:\/\/www.bouldervsiti.cz\/wp-content\/uploads\/2021\/02\/a2c9a1_e47095d8a80a4fb6bd0ec131b3e772a2mv2_d_5472_3648_s_4_2-1.jpg');background-size:cover;background-position:center center;background-attachment:fixed;background-repeat:no-repeat;}.kb-row-layout-id1269_92fa9c-a3 > .kt-row-layout-overlay{opacity:0.35;background:linear-gradient(180deg, #b0b0b0 0%, #000000 100%);}.kb-row-layout-id1269_92fa9c-a3 .kt-row-layout-bottom-sep{height:100px;}.kb-row-layout-id1269_92fa9c-a3 .kt-row-layout-bottom-sep svg{width:100%;}.kb-row-layout-id1269_92fa9c-a3 .kt-row-layout-bottom-sep svg{fill:#b6b6b6!important;}.kb-row-layout-id1269_92fa9c-a3 .kt-row-layout-top-sep{height:100px;}.kb-row-layout-id1269_92fa9c-a3 .kt-row-layout-top-sep svg{width:100%;}.kb-row-layout-id1269_92fa9c-a3 .kt-row-layout-top-sep svg{fill:#ffffff!important;}@media all and (max-width: 1024px), only screen and (min-device-width: 1024px) and (max-device-width: 1366px) and (-webkit-min-device-pixel-ratio: 2) and (hover: none){.kb-row-layout-id1269_92fa9c-a3{background-attachment:scroll;}}@media all and (max-width: 1024px){.kb-row-layout-id1269_92fa9c-a3 > .kt-row-column-wrap{grid-template-columns:minmax(0, 1fr);}}@media all and (max-width: 1024px){.kb-row-layout-id1269_92fa9c-a3 .kt-row-layout-bottom-sep{height:px;}}@media all and (max-width: 1024px){.kb-row-layout-id1269_92fa9c-a3 .kt-row-layout-bottom-sep svg{width:%;}}@media all and (max-width: 767px){.kb-row-layout-id1269_92fa9c-a3 > .kt-row-column-wrap{padding-top:45%;padding-bottom:5%;min-height:100vh;grid-template-columns:minmax(0, 1fr);}.kb-row-layout-id1269_92fa9c-a3 .kt-row-layout-bottom-sep{height:60px;}.kb-row-layout-id1269_92fa9c-a3 .kt-row-layout-bottom-sep svg{width:%;}}<\/style><div class=\"kb-row-layout-wrap kb-row-layout-id1269_92fa9c-a3 alignnone kt-row-has-bg wp-block-kadence-rowlayout\"><div class=\"kt-row-layout-overlay kt-row-overlay-gradient\"><\/div><div class=\"kt-row-layout-bottom-sep kt-row-sep-type-mtns\"><svg viewBox=\"0 0 1000 100\" preserveAspectRatio=\"none\"><path d=\"M1000,50l-182.69,-45.286l-292.031,61.197l-190.875,-41.075l-143.748,28.794l-190.656,-23.63l0,70l1000,0l0,-50Z\" style=\"opacity: 0.4\" \/><path d=\"M1000,57l-152.781,-22.589l-214.383,19.81l-159.318,-21.471l-177.44,25.875l-192.722,5.627l-103.356,-27.275l0,63.023l1000,0l0,-43Z\" \/><\/svg><\/div><div class=\"kt-row-column-wrap kt-has-1-columns kt-row-layout-equal kt-tab-layout-inherit kt-mobile-layout-row kt-row-valign-top\">\n<style>.kadence-column1269_fbb635-0b > .kt-inside-inner-col,.kadence-column1269_fbb635-0b > .kt-inside-inner-col:before{border-top-left-radius:0px;border-top-right-radius:0px;border-bottom-right-radius:0px;border-bottom-left-radius:0px;}.kadence-column1269_fbb635-0b > .kt-inside-inner-col{column-gap:var(--global-kb-gap-sm, 1rem);}.kadence-column1269_fbb635-0b > .kt-inside-inner-col{flex-direction:column;}.kadence-column1269_fbb635-0b > .kt-inside-inner-col > .aligncenter{width:100%;}.kadence-column1269_fbb635-0b > .kt-inside-inner-col:before{opacity:0.3;}.kadence-column1269_fbb635-0b{position:relative;}@media all and (max-width: 1024px){.kadence-column1269_fbb635-0b > .kt-inside-inner-col{flex-direction:column;justify-content:center;}}@media all and (max-width: 767px){.kadence-column1269_fbb635-0b > .kt-inside-inner-col{flex-direction:column;justify-content:center;}}<\/style>\n<div class=\"wp-block-kadence-column kadence-column1269_fbb635-0b inner-column-1\"><div class=\"kt-inside-inner-col\"><style>.wp-block-kadence-advancedheading.kt-adv-heading1269_c57add-2a, .wp-block-kadence-advancedheading.kt-adv-heading1269_c57add-2a[data-kb-block=\"kb-adv-heading1269_c57add-2a\"]{margin-bottom:20px;text-align:center;font-size:70px;line-height:1.2em;font-weight:normal;font-style:normal;color:#ffffff;}.wp-block-kadence-advancedheading.kt-adv-heading1269_c57add-2a mark.kt-highlight, .wp-block-kadence-advancedheading.kt-adv-heading1269_c57add-2a[data-kb-block=\"kb-adv-heading1269_c57add-2a\"] mark.kt-highlight{font-weight:normal;font-style:normal;color:#f80e00;-webkit-box-decoration-break:clone;box-decoration-break:clone;padding-top:0px;padding-right:0px;padding-bottom:0px;padding-left:0px;}.wp-block-kadence-advancedheading.kt-adv-heading1269_c57add-2a img.kb-inline-image, .wp-block-kadence-advancedheading.kt-adv-heading1269_c57add-2a[data-kb-block=\"kb-adv-heading1269_c57add-2a\"] img.kb-inline-image{width:150px;vertical-align:baseline;}@media all and (max-width: 767px){.wp-block-kadence-advancedheading.kt-adv-heading1269_c57add-2a, .wp-block-kadence-advancedheading.kt-adv-heading1269_c57add-2a[data-kb-block=\"kb-adv-heading1269_c57add-2a\"]{font-size:36px;}}<\/style>\n<h2 class=\"kt-adv-heading1269_c57add-2a wp-block-kadence-advancedheading\" data-kb-block=\"kb-adv-heading1269_c57add-2a\">Boulder v S\u00edti<\/h2>\n\n\n<style>.wp-block-kadence-spacer.kt-block-spacer-1269_036ef6-fa .kt-block-spacer{height:6px;}.wp-block-kadence-spacer.kt-block-spacer-1269_036ef6-fa .kt-divider{border-top-width:3px;height:1px;border-top-color:#fd0000;width:26%;border-top-style:solid;}@media all and (max-width: 767px){.wp-block-kadence-spacer.kt-block-spacer-1269_036ef6-fa .kt-block-spacer{height:6px!important;}}<\/style>\n<div class=\"wp-block-kadence-spacer aligncenter kt-block-spacer-1269_036ef6-fa\"><div class=\"kt-block-spacer kt-block-spacer-halign-center\"><hr class=\"kt-divider\"\/><\/div><\/div>\n\n\n<style>.wp-block-kadence-advancedheading.kt-adv-heading1269_23822c-50, .wp-block-kadence-advancedheading.kt-adv-heading1269_23822c-50[data-kb-block=\"kb-adv-heading1269_23822c-50\"]{margin-top:25px;margin-bottom:50px;text-align:center;font-size:30px;font-weight:300;font-style:normal;text-transform:uppercase;color:#ffffff;}.wp-block-kadence-advancedheading.kt-adv-heading1269_23822c-50 mark.kt-highlight, .wp-block-kadence-advancedheading.kt-adv-heading1269_23822c-50[data-kb-block=\"kb-adv-heading1269_23822c-50\"] mark.kt-highlight{font-weight:normal;font-style:normal;color:#ff0000;-webkit-box-decoration-break:clone;box-decoration-break:clone;padding-top:0px;padding-right:0px;padding-bottom:0px;padding-left:0px;}.wp-block-kadence-advancedheading.kt-adv-heading1269_23822c-50 img.kb-inline-image, .wp-block-kadence-advancedheading.kt-adv-heading1269_23822c-50[data-kb-block=\"kb-adv-heading1269_23822c-50\"] img.kb-inline-image{width:150px;vertical-align:baseline;}@media all and (max-width: 767px){.wp-block-kadence-advancedheading.kt-adv-heading1269_23822c-50, .wp-block-kadence-advancedheading.kt-adv-heading1269_23822c-50[data-kb-block=\"kb-adv-heading1269_23822c-50\"]{font-size:24px;}}<\/style>\n<p class=\"kt-adv-heading1269_23822c-50 wp-block-kadence-advancedheading\" data-kb-block=\"kb-adv-heading1269_23822c-50\">bar s atmosf\u00e9rou, boulder na \u017ei\u017ekov\u011b<\/p>\n\n\n\n<h4 class=\"wp-block-heading has-text-align-center has-theme-palette-9-color has-text-color\" style=\"line-height:2.5\"><span style=\"text-decoration: underline;\">Otev\u00edrac\u00ed doba:<\/span><\/h4>\n\n\n\n<p class=\"has-text-align-center has-theme-palette-9-color has-text-color has-medium-font-size\" style=\"line-height:0\">Pond\u011bl\u00ed &#8211; Sobota<\/p>\n\n\n\n<p class=\"has-text-align-center has-theme-palette-9-color has-text-color\" style=\"font-size:20px;font-style:normal;font-weight:400\">16:00 &#8211; ??:??<\/p>\n\n\n\n<p class=\"has-text-align-center has-theme-palette-9-color has-text-color\" style=\"line-height:0\"><\/p>\n\n\n\n<p class=\"has-text-align-center has-theme-palette-9-color has-text-color has-link-color wp-elements-b24c41a620fb322bb97ae54ad0fd7502\" style=\"line-height:0.1\"><\/p>\n\n\n\n<p class=\"has-text-align-center has-theme-palette-9-color has-text-color has-link-color wp-elements-b24c41a620fb322bb97ae54ad0fd7502\" style=\"line-height:0.1\"><\/p>\n\n\n\n<p class=\"has-text-align-center has-theme-palette-9-color has-text-color has-link-color wp-elements-655cd4aaefceabcede13fa6a0b870911\" style=\"padding-top:0;padding-bottom:0;line-height:0\"><\/p>\n\n\n<style>.wp-block-kadence-spacer.kt-block-spacer-1269_b7dd49-cc .kt-block-spacer{height:29px;}.wp-block-kadence-spacer.kt-block-spacer-1269_b7dd49-cc .kt-divider{border-top-width:1px;height:1px;border-top-color:#eee;width:80%;border-top-style:solid;}<\/style>\n<div class=\"wp-block-kadence-spacer aligncenter kt-block-spacer-1269_b7dd49-cc kvs-sm-false\"><div class=\"kt-block-spacer kt-block-spacer-halign-center\"><\/div><\/div>\n\n\n<style>.wp-block-kadence-icon.kt-svg-icons1269_591658-f1{justify-content:center;}<\/style>\n<div class=\"wp-block-kadence-icon kt-svg-icons kt-svg-icons1269_591658-f1 alignnone\"><style>.kt-svg-item-1269_a77d00-30 .kb-svg-icon-wrap, .kt-svg-style-stacked.kt-svg-item-1269_a77d00-30 .kb-svg-icon-wrap{color:#ffffff;font-size:40px;}<\/style>\n<div class=\"wp-block-kadence-single-icon kt-svg-style-default kt-svg-icon-wrap kt-svg-item-1269_a77d00-30\"><a href=\"#onas\" class=\"kt-svg-icon-link\"><span class=\"kb-svg-icon-wrap kb-svg-icon-fe_arrowDownCircle\"><svg viewBox=\"0 0 24 24\"  fill=\"none\" stroke=\"currentColor\" stroke-width=\"1\" stroke-linecap=\"round\" stroke-linejoin=\"round\" xmlns=\"http:\/\/www.w3.org\/2000\/svg\"  aria-hidden=\"true\"><circle cx=\"12\" cy=\"12\" r=\"10\"\/><polyline points=\"8 12 12 16 16 12\"\/><line x1=\"12\" y1=\"8\" x2=\"12\" y2=\"16\"\/><\/svg><\/span><\/a><\/div>\n<\/div>\n<\/div><\/div>\n\n<\/div><\/div>\n\n<style>.kb-row-layout-id1269_37b6a7-ed > .kt-row-column-wrap{align-content:center;}:where(.kb-row-layout-id1269_37b6a7-ed > .kt-row-column-wrap) > .wp-block-kadence-column{justify-content:center;}.kb-row-layout-id1269_37b6a7-ed > .kt-row-column-wrap{column-gap:var(--global-kb-gap-none, 0rem );row-gap:var(--global-kb-gap-md, 2rem);padding-top:0px;padding-bottom:0px;grid-template-columns:repeat(2, minmax(0, 1fr));}.kb-row-layout-id1269_37b6a7-ed > .kt-row-layout-overlay{opacity:0.30;}@media all and (max-width: 1024px){.kb-row-layout-id1269_37b6a7-ed > .kt-row-column-wrap{grid-template-columns:repeat(2, minmax(0, 1fr));}}@media all and (max-width: 767px){.kb-row-layout-id1269_37b6a7-ed > .kt-row-column-wrap{grid-template-columns:minmax(0, 1fr);}}<\/style><div class=\"kb-row-layout-wrap kb-row-layout-id1269_37b6a7-ed alignnone wp-block-kadence-rowlayout\"><div class=\"kt-row-column-wrap kt-has-2-columns kt-row-layout-equal kt-tab-layout-inherit kt-mobile-layout-row kt-row-valign-middle\">\n<style>.kadence-column1269_66b4c4-c6 > .kt-inside-inner-col,.kadence-column1269_66b4c4-c6 > .kt-inside-inner-col:before{border-top-left-radius:0px;border-top-right-radius:0px;border-bottom-right-radius:0px;border-bottom-left-radius:0px;}.kadence-column1269_66b4c4-c6 > .kt-inside-inner-col{column-gap:var(--global-kb-gap-sm, 1rem);}.kadence-column1269_66b4c4-c6 > .kt-inside-inner-col{flex-direction:column;}.kadence-column1269_66b4c4-c6 > .kt-inside-inner-col > .aligncenter{width:100%;}.kadence-column1269_66b4c4-c6 > .kt-inside-inner-col{background-image:url('https:\/\/www.bouldervsiti.cz\/wp-content\/uploads\/2021\/02\/a2c9a1_7dd21880d758451caa31d821cd5c643amv2_d_5472_3080_s_4_2.jpg');background-size:cover;background-position:38% 52%;background-attachment:scroll;background-repeat:no-repeat;}.kadence-column1269_66b4c4-c6 > .kt-inside-inner-col:before{opacity:0.3;}.kadence-column1269_66b4c4-c6{position:relative;}@media all and (max-width: 1024px){.kadence-column1269_66b4c4-c6 > .kt-inside-inner-col{flex-direction:column;justify-content:center;}}@media all and (max-width: 767px){.kadence-column1269_66b4c4-c6 > .kt-inside-inner-col{flex-direction:column;justify-content:center;}}<\/style>\n<div class=\"wp-block-kadence-column kadence-column1269_66b4c4-c6 inner-column-1\"><div class=\"kt-inside-inner-col\"><style>.wp-block-kadence-spacer.kt-block-spacer-1269_eeada8-a3 .kt-block-spacer{height:420px;}.wp-block-kadence-spacer.kt-block-spacer-1269_eeada8-a3 .kt-divider{border-top-width:1px;height:1px;border-top-color:#eee;width:80%;border-top-style:solid;}<\/style>\n<div class=\"wp-block-kadence-spacer aligncenter kt-block-spacer-1269_eeada8-a3\"><div class=\"kt-block-spacer kt-block-spacer-halign-center\"><\/div><\/div>\n<\/div><\/div>\n\n\n<style>.kadence-column1269_59149f-70 > .kt-inside-inner-col{padding-right:25px;padding-left:25px;}.kadence-column1269_59149f-70 > .kt-inside-inner-col,.kadence-column1269_59149f-70 > .kt-inside-inner-col:before{border-top-left-radius:0px;border-top-right-radius:0px;border-bottom-right-radius:0px;border-bottom-left-radius:0px;}.kadence-column1269_59149f-70 > .kt-inside-inner-col{column-gap:var(--global-kb-gap-sm, 1rem);}.kadence-column1269_59149f-70 > .kt-inside-inner-col{flex-direction:column;}.kadence-column1269_59149f-70 > .kt-inside-inner-col > .aligncenter{width:100%;}.kadence-column1269_59149f-70 > .kt-inside-inner-col:before{opacity:0.3;}.kadence-column1269_59149f-70{text-align:center;}.kadence-column1269_59149f-70{position:relative;}@media all and (max-width: 1024px){.kadence-column1269_59149f-70 > .kt-inside-inner-col{flex-direction:column;justify-content:center;}}@media all and (max-width: 767px){.kadence-column1269_59149f-70 > .kt-inside-inner-col{flex-direction:column;justify-content:center;}}<\/style>\n<div class=\"wp-block-kadence-column kadence-column1269_59149f-70 inner-column-2\"><div class=\"kt-inside-inner-col\"><style>.wp-block-kadence-advancedheading.kt-adv-heading1269_730376-3b, .wp-block-kadence-advancedheading.kt-adv-heading1269_730376-3b[data-kb-block=\"kb-adv-heading1269_730376-3b\"]{margin-bottom:10px;text-align:center;font-size:28px;font-weight:normal;font-style:normal;}.wp-block-kadence-advancedheading.kt-adv-heading1269_730376-3b mark.kt-highlight, .wp-block-kadence-advancedheading.kt-adv-heading1269_730376-3b[data-kb-block=\"kb-adv-heading1269_730376-3b\"] mark.kt-highlight{font-weight:normal;font-style:normal;color:#f76a0c;-webkit-box-decoration-break:clone;box-decoration-break:clone;padding-top:0px;padding-right:0px;padding-bottom:0px;padding-left:0px;}.wp-block-kadence-advancedheading.kt-adv-heading1269_730376-3b img.kb-inline-image, .wp-block-kadence-advancedheading.kt-adv-heading1269_730376-3b[data-kb-block=\"kb-adv-heading1269_730376-3b\"] img.kb-inline-image{width:150px;vertical-align:baseline;}<\/style>\n<h4 id=\"onas\" class=\"kt-adv-heading1269_730376-3b wp-block-kadence-advancedheading has-theme-palette-4-color has-text-color\" data-kb-block=\"kb-adv-heading1269_730376-3b\">O n\u00e1s<\/h4>\n\n\n\n<p style=\"line-height:1.2\">&nbsp;&nbsp;&nbsp; Boulder v S\u00edti vznikl jako rodinn\u00fd podnik v roce 2006. Zalo\u017eili jsme tento boulder bar bez jak\u00fdchkoliv zku\u0161enost\u00ed, ale s \u010dist\u00fdm nad\u0161en\u00edm a z\u00e1palem. M\u00e1me za sebou 15 let provozu, spousta v\u011bc\u00ed se zm\u011bnila, ale my\u0161lenka m\u00edt bar se skv\u011blou atmosf\u00e9rou a boulder pro ka\u017ed\u00e9ho, z\u016fst\u00e1v\u00e1.<\/p>\n\n\n\n<p style=\"line-height:1.1\">P\u0159i n\u00e1v\u0161t\u011bv\u011b boulderu V\u00e1s o\u010dek\u00e1v\u00e1 260 m2 lezeck\u00e9ho ter\u00e9nu a te\u010f u\u017e v\u00edce ne\u017e 70 zna\u010den\u00fdch cest, kter\u00e9 st\u00e1le dopl\u0148ujeme, kde si ka\u017ed\u00fd, od za\u010d\u00e1te\u010dn\u00edk\u016f po zku\u0161en\u00e9 boulderisty, p\u0159ijde na sv\u00e9. Na st\u011bn\u011b najdete u\u017e v\u00edce ne\u017e 3000 chyt\u016f, tak\u017ee o z\u00e1bavu budete m\u00edt na dlouho vystar\u00e1no.<\/p>\n\n\n\n<p style=\"line-height:1.2\">&nbsp;&nbsp;&nbsp;&nbsp; V baru V\u00e1s p\u0159iv\u00edt\u00e1 p\u0159\u00edjemn\u00fd person\u00e1l. Na uha\u0161en\u00ed \u017e\u00edzn\u011b si m\u016f\u017eete d\u00e1t jeden\u00e1ctku Kozla nebo Plze\u0148. Na v\u00fdb\u011br m\u00e1me n\u011bkolik druh\u016f koktejl\u016f a drink\u016f, nechyb\u00ed ani nab\u00eddka rum\u016f, whiskey, p\u00e1lenek a podobn\u011b. Kdy\u017e V\u00e1s p\u0159epadne hlad, m\u00e1me pro V\u00e1s nachos, quesadillas nebo t\u0159eba zap\u00e9kan\u00e9 pannini. Pro z\u00e1bavu u pivka je tu kvalitn\u00ed fotb\u00e1lek.<\/p>\n<\/div><\/div>\n\n<\/div><\/div>","protected":false},"excerpt":{"rendered":"<p>Boulder v S\u00edti bar s atmosf\u00e9rou, boulder na \u017ei\u017ekov\u011b Otev\u00edrac\u00ed doba: Pond\u011bl\u00ed &#8211; Sobota 16:00 &#8211; ??:?? O n\u00e1s &nbsp;&nbsp;&nbsp; Boulder v S\u00edti vznikl jako rodinn\u00fd podnik v roce 2006. Zalo\u017eili jsme tento boulder bar bez jak\u00fdchkoliv zku\u0161enost\u00ed, ale s \u010dist\u00fdm nad\u0161en\u00edm a z\u00e1palem. M\u00e1me za sebou 15 let provozu, spousta v\u011bc\u00ed se zm\u011bnila, ale&#8230;<\/p>","protected":false},"author":1,"featured_media":0,"parent":0,"menu_order":0,"comment_status":"closed","ping_status":"closed","template":"","meta":{"_kadence_starter_templates_imported_post":true,"_kad_post_transparent":"","_kad_post_title":"","_kad_post_layout":"","_kad_post_sidebar_id":"","_kad_post_content_style":"","_kad_post_vertical_padding":"","_kad_post_feature":"","_kad_post_feature_position":"","_kad_post_header":false,"_kad_post_footer":false,"footnotes":""},"class_list":["post-1269","page","type-page","status-publish","hentry"],"aioseo_notices":[],"_links":{"self":[{"href":"https:\/\/www.bouldervsiti.cz\/en\/wp-json\/wp\/v2\/pages\/1269","targetHints":{"allow":["GET"]}}],"collection":[{"href":"https:\/\/www.bouldervsiti.cz\/en\/wp-json\/wp\/v2\/pages"}],"about":[{"href":"https:\/\/www.bouldervsiti.cz\/en\/wp-json\/wp\/v2\/types\/page"}],"author":[{"embeddable":true,"href":"https:\/\/www.bouldervsiti.cz\/en\/wp-json\/wp\/v2\/users\/1"}],"replies":[{"embeddable":true,"href":"https:\/\/www.bouldervsiti.cz\/en\/wp-json\/wp\/v2\/comments?post=1269"}],"version-history":[{"count":120,"href":"https:\/\/www.bouldervsiti.cz\/en\/wp-json\/wp\/v2\/pages\/1269\/revisions"}],"predecessor-version":[{"id":1931,"href":"https:\/\/www.bouldervsiti.cz\/en\/wp-json\/wp\/v2\/pages\/1269\/revisions\/1931"}],"wp:attachment":[{"href":"https:\/\/www.bouldervsiti.cz\/en\/wp-json\/wp\/v2\/media?parent=1269"}],"curies":[{"name":"wp","href":"https:\/\/api.w.org\/{rel}","templated":true}]}}