{"id":1770,"date":"2022-12-18T11:46:27","date_gmt":"2022-12-18T10:46:27","guid":{"rendered":"https:\/\/www.bouldervsiti.cz\/?page_id=1770"},"modified":"2025-09-08T13:32:53","modified_gmt":"2025-09-08T11:32:53","slug":"faq","status":"publish","type":"page","link":"https:\/\/www.bouldervsiti.cz\/en\/faq\/","title":{"rendered":"FAQ"},"content":{"rendered":"<style>.kb-row-layout-id1770_4898dd-12 > .kt-row-column-wrap{align-content:start;}:where(.kb-row-layout-id1770_4898dd-12 > .kt-row-column-wrap) > .wp-block-kadence-column{justify-content:start;}.kb-row-layout-id1770_4898dd-12 > .kt-row-column-wrap{column-gap:var(--global-kb-gap-md, 2rem);row-gap:var(--global-kb-gap-md, 2rem);padding-top:10%;padding-right:25%;padding-bottom:25%;padding-left:25%;grid-template-columns:minmax(0, 1fr);}.kb-row-layout-id1770_4898dd-12{background-image:url('https:\/\/www.bouldervsiti.cz\/wp-content\/uploads\/2021\/02\/a2c9a1_e47095d8a80a4fb6bd0ec131b3e772a2mv2_d_5472_3648_s_4_2-1.jpg');background-size:cover;background-position:center center;background-attachment:fixed;background-repeat:no-repeat;}.kb-row-layout-id1770_4898dd-12 > .kt-row-layout-overlay{opacity:0.35;background-color:var(--global-palette6, #718096);}@media all and (max-width: 1024px), only screen and (min-device-width: 1024px) and (max-device-width: 1366px) and (-webkit-min-device-pixel-ratio: 2) and (hover: none){.kb-row-layout-id1770_4898dd-12{background-attachment:scroll;}}@media all and (max-width: 1024px){.kb-row-layout-id1770_4898dd-12 > .kt-row-column-wrap{grid-template-columns:minmax(0, 1fr);}}@media all and (max-width: 767px){.kb-row-layout-id1770_4898dd-12 > .kt-row-column-wrap{padding-top:30%;padding-right:5%;padding-bottom:5%;padding-left:5%;grid-template-columns:minmax(0, 1fr);}}<\/style><div class=\"kb-row-layout-wrap kb-row-layout-id1770_4898dd-12 alignnone kt-row-has-bg wp-block-kadence-rowlayout\"><div class=\"kt-row-layout-overlay kt-row-overlay-normal\"><\/div><div class=\"kt-row-column-wrap kt-has-1-columns kt-row-layout-equal kt-tab-layout-inherit kt-mobile-layout-row kt-row-valign-top\">\n<style>.kadence-column1770_d05708-f2 > .kt-inside-inner-col,.kadence-column1770_d05708-f2 > .kt-inside-inner-col:before{border-top-left-radius:0px;border-top-right-radius:0px;border-bottom-right-radius:0px;border-bottom-left-radius:0px;}.kadence-column1770_d05708-f2 > .kt-inside-inner-col{column-gap:var(--global-kb-gap-sm, 1rem);}.kadence-column1770_d05708-f2 > .kt-inside-inner-col{flex-direction:column;}.kadence-column1770_d05708-f2 > .kt-inside-inner-col > .aligncenter{width:100%;}.kadence-column1770_d05708-f2 > .kt-inside-inner-col:before{opacity:0.3;}.kadence-column1770_d05708-f2{position:relative;}@media all and (max-width: 1024px){.kadence-column1770_d05708-f2 > .kt-inside-inner-col{flex-direction:column;justify-content:center;}}@media all and (max-width: 767px){.kadence-column1770_d05708-f2 > .kt-inside-inner-col{flex-direction:column;justify-content:center;}}<\/style>\n<div class=\"wp-block-kadence-column kadence-column1770_d05708-f2\"><div class=\"kt-inside-inner-col\">\n<h2 class=\"wp-block-heading has-text-align-center has-theme-palette-9-color has-text-color has-link-color wp-elements-35402cca2f234cda841f7dc9cabd3506\">\u010casto kladen\u00e9 dotazy<\/h2>\n\n\n\n<div id=\"section-g-grl44q7\" class=\"wp-block-gutentor-e0 section-g-grl44q7 gutentor-element gutentor-element-advanced-text\"><div class=\"gutentor-text-wrap\"><p class=\"gutentor-text\"><strong>Pot\u0159ebuji m\u00edt p\u0159edchoz\u00ed zku\u0161enosti s lezen\u00edm?<\/strong><br> \u25ba Nepot\u0159ebujete, sta\u010d\u00ed p\u0159ij\u00edt a l\u00e9zt.<br><strong>Jak\u00e9 je pot\u0159eba m\u00edt vybaven\u00ed na boulder?<\/strong><br> \u25ba Sportovn\u00ed oble\u010den\u00ed, lezeck\u00e9 boty si u n\u00e1s m\u016f\u017eete p\u016fj\u010dit.<br><strong>M\u016f\u017eu p\u0159ij\u00edt s d\u011btmi?<\/strong><br> \u25ba M\u016f\u017eete, ale doporu\u010dujeme d\u011bti star\u0161\u00ed 6 let. A nejl\u00e9pe p\u0159ij\u010fte mezi 16 &#8211; 18:00. <br> <strong>Je doplatek na Multisport?<\/strong><br> \u25ba Nen\u00ed, s Multisport m\u00e1te vstup zcela zdarma.<br><strong>Je t\u0159eba si ud\u011blat rezervaci na boulder?<\/strong><br> \u25ba Nen\u00ed a rezervace na boulder v\u016fbec ned\u011bl\u00e1me. Kdo p\u0159ijde leze.<br><strong> Chci p\u0159ij\u00edt s v\u011bt\u0161\u00ed skupinou d\u011bt\u00ed, krou\u017ekem atp.<\/strong><br> \u25ba Skupina d\u011bt\u00ed se d\u00e1 domluvit, ale v \u010dase p\u0159ed otev\u00edra\u010dkou. Ide\u00e1ln\u011b mezi 14 &#8211; 16:00. V b\u011b\u017en\u00e9 otev\u00edrac\u00ed dob\u011b skupiny d\u011bt\u00ed nep\u0159j\u00edm\u00e1me. <br><strong>Je na boulderu n\u011bkdo, kdo mi to vysv\u011btl\u00ed a d\u00e1 mi instrukce?<\/strong><br> \u25ba Bohu\u017eel nikoho takov\u00e9ho nem\u00e1me a nen\u00ed to ani pot\u0159eba.<br><strong> Boj\u00edm se v\u00fd\u0161ek a neum\u00edm jistit<\/strong><br> \u25ba Na boulderu se nepou\u017e\u00edv\u00e1 lano. Na zemi jsou tlust\u00e9 matrace, kter\u00e9 tlum\u00ed p\u00e1d. Maxim\u00e1ln\u00ed v\u00fd\u0161ka je 4 metry.  <br><\/p><\/div><\/div>\n<\/div><\/div>\n\n<\/div><\/div>","protected":false},"excerpt":{"rendered":"<p>\u010casto kladen\u00e9 dotazy<\/p>","protected":false},"author":1,"featured_media":0,"parent":0,"menu_order":0,"comment_status":"closed","ping_status":"closed","template":"","meta":{"_kadence_starter_templates_imported_post":false,"_kad_post_transparent":"","_kad_post_title":"","_kad_post_layout":"","_kad_post_sidebar_id":"","_kad_post_content_style":"","_kad_post_vertical_padding":"","_kad_post_feature":"","_kad_post_feature_position":"","_kad_post_header":false,"_kad_post_footer":false,"footnotes":""},"class_list":["post-1770","page","type-page","status-publish","hentry"],"aioseo_notices":[],"_links":{"self":[{"href":"https:\/\/www.bouldervsiti.cz\/en\/wp-json\/wp\/v2\/pages\/1770","targetHints":{"allow":["GET"]}}],"collection":[{"href":"https:\/\/www.bouldervsiti.cz\/en\/wp-json\/wp\/v2\/pages"}],"about":[{"href":"https:\/\/www.bouldervsiti.cz\/en\/wp-json\/wp\/v2\/types\/page"}],"author":[{"embeddable":true,"href":"https:\/\/www.bouldervsiti.cz\/en\/wp-json\/wp\/v2\/users\/1"}],"replies":[{"embeddable":true,"href":"https:\/\/www.bouldervsiti.cz\/en\/wp-json\/wp\/v2\/comments?post=1770"}],"version-history":[{"count":16,"href":"https:\/\/www.bouldervsiti.cz\/en\/wp-json\/wp\/v2\/pages\/1770\/revisions"}],"predecessor-version":[{"id":1901,"href":"https:\/\/www.bouldervsiti.cz\/en\/wp-json\/wp\/v2\/pages\/1770\/revisions\/1901"}],"wp:attachment":[{"href":"https:\/\/www.bouldervsiti.cz\/en\/wp-json\/wp\/v2\/media?parent=1770"}],"curies":[{"name":"wp","href":"https:\/\/api.w.org\/{rel}","templated":true}]}}